{"id":1111,"date":"2024-11-01T15:58:32","date_gmt":"2024-11-01T20:58:32","guid":{"rendered":"https:\/\/www.lifeinmercy.org\/?post_type=product&#038;p=1111"},"modified":"2025-03-22T15:24:15","modified_gmt":"2025-03-22T20:24:15","slug":"peluche-del-nino-jesus","status":"publish","type":"product","link":"https:\/\/www.lifeinmercy.org\/index.php\/product\/peluche-del-nino-jesus\/","title":{"rendered":"Ni\u00f1o Jes\u00fas"},"content":{"rendered":"<p><span style=\"vertical-align: inherit;\"><span style=\"vertical-align: inherit;\">Este adorable peluche del Ni\u00f1o Jes\u00fas captura la ternura del nacimiento sagrado. Viste un hermoso vestido blanco sobre una suave manta blanca, simbolizando su pureza y amor. Su rostro dulce y sereno irradia paz, convirti\u00e9ndolo en un compa\u00f1ero reconfortante para los ni\u00f1os. Ideal para decorar el hogar durante la Navidad, para momentos de oraci\u00f3n familiares o como un regalo significativo que ense\u00f1a el verdadero esp\u00edritu de la temporada.<\/span><\/span><\/p>\n","protected":false},"excerpt":{"rendered":"<p>Este adorable peluche del Ni\u00f1o Jes\u00fas captura la ternura del nacimiento sagrado. Viste un hermoso vestido blanco sobre una suave manta blanca, simbolizando su pureza<a href=\"https:\/\/www.lifeinmercy.org\/index.php\/product\/peluche-del-nino-jesus\/\" class=\"more-link\">View More<\/a><\/p>\n","protected":false},"featured_media":1112,"comment_status":"open","ping_status":"closed","template":"","meta":{"_acf_changed":false,"_eb_attr":"","_joinchat":[]},"product_brand":[],"product_cat":[46],"product_tag":[111,124,115,35,125,127,90,126],"class_list":{"0":"post-1111","1":"product","2":"type-product","3":"status-publish","4":"has-post-thumbnail","6":"product_cat-jesus","7":"product_tag-amor","8":"product_tag-bebe","9":"product_tag-dios","10":"product_tag-jesus","11":"product_tag-nacimiento","12":"product_tag-nino-dios","13":"product_tag-peluche","14":"product_tag-ternura","16":"first","17":"instock","18":"shipping-taxable","19":"purchasable","20":"product-type-simple"},"acf":[],"jetpack_sharing_enabled":true,"_links":{"self":[{"href":"https:\/\/www.lifeinmercy.org\/index.php\/wp-json\/wp\/v2\/product\/1111","targetHints":{"allow":["GET"]}}],"collection":[{"href":"https:\/\/www.lifeinmercy.org\/index.php\/wp-json\/wp\/v2\/product"}],"about":[{"href":"https:\/\/www.lifeinmercy.org\/index.php\/wp-json\/wp\/v2\/types\/product"}],"replies":[{"embeddable":true,"href":"https:\/\/www.lifeinmercy.org\/index.php\/wp-json\/wp\/v2\/comments?post=1111"}],"wp:featuredmedia":[{"embeddable":true,"href":"https:\/\/www.lifeinmercy.org\/index.php\/wp-json\/wp\/v2\/media\/1112"}],"wp:attachment":[{"href":"https:\/\/www.lifeinmercy.org\/index.php\/wp-json\/wp\/v2\/media?parent=1111"}],"wp:term":[{"taxonomy":"product_brand","embeddable":true,"href":"https:\/\/www.lifeinmercy.org\/index.php\/wp-json\/wp\/v2\/product_brand?post=1111"},{"taxonomy":"product_cat","embeddable":true,"href":"https:\/\/www.lifeinmercy.org\/index.php\/wp-json\/wp\/v2\/product_cat?post=1111"},{"taxonomy":"product_tag","embeddable":true,"href":"https:\/\/www.lifeinmercy.org\/index.php\/wp-json\/wp\/v2\/product_tag?post=1111"}],"curies":[{"name":"wp","href":"https:\/\/api.w.org\/{rel}","templated":true}]}}