{"id":1116,"date":"2024-11-01T16:39:35","date_gmt":"2024-11-01T21:39:35","guid":{"rendered":"https:\/\/www.lifeinmercy.org\/?post_type=product&#038;p=1116"},"modified":"2025-03-22T13:42:44","modified_gmt":"2025-03-22T18:42:44","slug":"peluche-san-jose","status":"publish","type":"product","link":"https:\/\/www.lifeinmercy.org\/index.php\/product\/peluche-san-jose\/","title":{"rendered":"San Jos\u00e9 con lirio"},"content":{"rendered":"<p><span style=\"vertical-align: inherit;\"><span style=\"vertical-align: inherit;\">Este encantador peluche de San Jos\u00e9 es un s\u00edmbolo de paternidad, amor y protecci\u00f3n. Con un dise\u00f1o tierno y amigable, San Jos\u00e9 aparece vestido con una t\u00fanica y un manto que refleja su car\u00e1cter noble y trabajador. Fabricado con materiales suaves y seguros, este peluche es ideal para que los ni\u00f1os lo abracen y lo usen como compa\u00f1ero de juego. Su expresi\u00f3n serena inspira confianza y cuidado, convirti\u00e9ndolo en un recurso valioso para ense\u00f1ar valores de fe y familia. Perfecto para momentos de oraci\u00f3n o como regalo significativo en ocasiones especiales.<\/span><\/span><\/p>\n","protected":false},"excerpt":{"rendered":"<p>Este encantador peluche de San Jos\u00e9 es un s\u00edmbolo de paternidad, amor y protecci\u00f3n. Con un dise\u00f1o tierno y amigable, San Jos\u00e9 aparece vestido con<a href=\"https:\/\/www.lifeinmercy.org\/index.php\/product\/peluche-san-jose\/\" class=\"more-link\">View More<\/a><\/p>\n","protected":false},"featured_media":1390,"comment_status":"open","ping_status":"closed","template":"","meta":{"_acf_changed":false,"_eb_attr":"","_joinchat":[]},"product_brand":[],"product_cat":[130],"product_tag":[111,143,142,141,87],"class_list":{"0":"post-1116","1":"product","2":"type-product","3":"status-publish","4":"has-post-thumbnail","6":"product_cat-san-jose","7":"product_tag-amor","8":"product_tag-lirios","9":"product_tag-paternidad","10":"product_tag-san-jose","11":"product_tag-santo","13":"first","14":"instock","15":"shipping-taxable","16":"purchasable","17":"product-type-simple"},"acf":[],"jetpack_sharing_enabled":true,"_links":{"self":[{"href":"https:\/\/www.lifeinmercy.org\/index.php\/wp-json\/wp\/v2\/product\/1116","targetHints":{"allow":["GET"]}}],"collection":[{"href":"https:\/\/www.lifeinmercy.org\/index.php\/wp-json\/wp\/v2\/product"}],"about":[{"href":"https:\/\/www.lifeinmercy.org\/index.php\/wp-json\/wp\/v2\/types\/product"}],"replies":[{"embeddable":true,"href":"https:\/\/www.lifeinmercy.org\/index.php\/wp-json\/wp\/v2\/comments?post=1116"}],"wp:featuredmedia":[{"embeddable":true,"href":"https:\/\/www.lifeinmercy.org\/index.php\/wp-json\/wp\/v2\/media\/1390"}],"wp:attachment":[{"href":"https:\/\/www.lifeinmercy.org\/index.php\/wp-json\/wp\/v2\/media?parent=1116"}],"wp:term":[{"taxonomy":"product_brand","embeddable":true,"href":"https:\/\/www.lifeinmercy.org\/index.php\/wp-json\/wp\/v2\/product_brand?post=1116"},{"taxonomy":"product_cat","embeddable":true,"href":"https:\/\/www.lifeinmercy.org\/index.php\/wp-json\/wp\/v2\/product_cat?post=1116"},{"taxonomy":"product_tag","embeddable":true,"href":"https:\/\/www.lifeinmercy.org\/index.php\/wp-json\/wp\/v2\/product_tag?post=1116"}],"curies":[{"name":"wp","href":"https:\/\/api.w.org\/{rel}","templated":true}]}}