{"id":1124,"date":"2024-11-01T17:16:03","date_gmt":"2024-11-01T22:16:03","guid":{"rendered":"https:\/\/www.lifeinmercy.org\/?post_type=product&#038;p=1124"},"modified":"2025-03-22T18:22:52","modified_gmt":"2025-03-22T23:22:52","slug":"peluche-de-maria-madre-de-la-vida","status":"publish","type":"product","link":"https:\/\/www.lifeinmercy.org\/index.php\/product\/peluche-de-maria-madre-de-la-vida\/","title":{"rendered":"Mar\u00eda Santificadora"},"content":{"rendered":"<p>Un toque de devoci\u00f3n para tu hogar. Nuestro Peluche de Mar\u00eda Santificadora es un hermoso objeto decorativo y un s\u00edmbolo de fe. Ideal para regalar o para ti mismo.<\/p>\n","protected":false},"excerpt":{"rendered":"<p>Un toque de devoci\u00f3n para tu hogar. Nuestro Peluche de Mar\u00eda Santificadora es un hermoso objeto decorativo y un s\u00edmbolo de fe. Ideal para regalar<a href=\"https:\/\/www.lifeinmercy.org\/index.php\/product\/peluche-de-maria-madre-de-la-vida\/\" class=\"more-link\">View More<\/a><\/p>\n","protected":false},"featured_media":1125,"comment_status":"open","ping_status":"closed","template":"","meta":{"_acf_changed":false,"_eb_attr":"","_joinchat":[]},"product_brand":[],"product_cat":[40],"product_tag":[111,115,132,133,135,90,109],"class_list":{"0":"post-1124","1":"product","2":"type-product","3":"status-publish","4":"has-post-thumbnail","6":"product_cat-virgin-mary","7":"product_tag-amor","8":"product_tag-dios","9":"product_tag-madre","10":"product_tag-madre-de-dios","11":"product_tag-maria-madre-de-la-vida","12":"product_tag-peluche","13":"product_tag-virgen-maria","15":"first","16":"instock","17":"shipping-taxable","18":"purchasable","19":"product-type-simple"},"acf":[],"jetpack_sharing_enabled":true,"_links":{"self":[{"href":"https:\/\/www.lifeinmercy.org\/index.php\/wp-json\/wp\/v2\/product\/1124","targetHints":{"allow":["GET"]}}],"collection":[{"href":"https:\/\/www.lifeinmercy.org\/index.php\/wp-json\/wp\/v2\/product"}],"about":[{"href":"https:\/\/www.lifeinmercy.org\/index.php\/wp-json\/wp\/v2\/types\/product"}],"replies":[{"embeddable":true,"href":"https:\/\/www.lifeinmercy.org\/index.php\/wp-json\/wp\/v2\/comments?post=1124"}],"wp:featuredmedia":[{"embeddable":true,"href":"https:\/\/www.lifeinmercy.org\/index.php\/wp-json\/wp\/v2\/media\/1125"}],"wp:attachment":[{"href":"https:\/\/www.lifeinmercy.org\/index.php\/wp-json\/wp\/v2\/media?parent=1124"}],"wp:term":[{"taxonomy":"product_brand","embeddable":true,"href":"https:\/\/www.lifeinmercy.org\/index.php\/wp-json\/wp\/v2\/product_brand?post=1124"},{"taxonomy":"product_cat","embeddable":true,"href":"https:\/\/www.lifeinmercy.org\/index.php\/wp-json\/wp\/v2\/product_cat?post=1124"},{"taxonomy":"product_tag","embeddable":true,"href":"https:\/\/www.lifeinmercy.org\/index.php\/wp-json\/wp\/v2\/product_tag?post=1124"}],"curies":[{"name":"wp","href":"https:\/\/api.w.org\/{rel}","templated":true}]}}