{"id":950,"date":"2023-09-07T18:46:37","date_gmt":"2023-09-07T23:46:37","guid":{"rendered":"https:\/\/www.lifeinmercy.org\/?post_type=product&#038;p=950"},"modified":"2025-03-29T11:53:01","modified_gmt":"2025-03-29T16:53:01","slug":"plush-doll-of-saint-john-bosco","status":"publish","type":"product","link":"https:\/\/www.lifeinmercy.org\/index.php\/product\/plush-doll-of-saint-john-bosco\/","title":{"rendered":"San Juan Bosco"},"content":{"rendered":"<p><span style=\"vertical-align: inherit;\"><span style=\"vertical-align: inherit;\">Presentamos nuestro mu\u00f1eco de peluche San Juan Bosco, una encantadora y tierna representaci\u00f3n del querido santo patr\u00f3n de los j\u00f3venes, los educadores y los aprendices. <\/span><span style=\"vertical-align: inherit;\">Elaborado con atenci\u00f3n al detalle y con amor, este mu\u00f1eco de peluche es el complemento perfecto para su colecci\u00f3n de regalos religiosos o como un compa\u00f1ero reconfortante para ni\u00f1os y adultos por igual. <\/span><span style=\"vertical-align: inherit;\">Es suave y abrazable, tiene el tama\u00f1o perfecto y es un compa\u00f1ero reconfortante para todas las edades.<\/span><\/span><\/p>\n<p>&nbsp;<\/p>\n","protected":false},"excerpt":{"rendered":"<p>Presentamos nuestro mu\u00f1eco de peluche San Juan Bosco, una encantadora y tierna representaci\u00f3n del querido santo patr\u00f3n de los j\u00f3venes, los educadores y los aprendices.<a href=\"https:\/\/www.lifeinmercy.org\/index.php\/product\/plush-doll-of-saint-john-bosco\/\" class=\"more-link\">View More<\/a><\/p>\n","protected":false},"featured_media":1428,"comment_status":"open","ping_status":"closed","template":"","meta":{"_acf_changed":false,"_eb_attr":"","_joinchat":{"telephone":"+18327481058"}},"product_brand":[],"product_cat":[47],"product_tag":[43,88,90,42,82,89,87],"class_list":{"0":"post-950","1":"product","2":"type-product","3":"status-publish","4":"has-post-thumbnail","6":"product_cat-saint","7":"product_tag-doll","8":"product_tag-felpa","9":"product_tag-peluche","10":"product_tag-plush","11":"product_tag-saint-john-bosco","12":"product_tag-san-juan-bosco","13":"product_tag-santo","15":"first","16":"instock","17":"shipping-taxable","18":"purchasable","19":"product-type-simple"},"acf":[],"jetpack_sharing_enabled":true,"_links":{"self":[{"href":"https:\/\/www.lifeinmercy.org\/index.php\/wp-json\/wp\/v2\/product\/950","targetHints":{"allow":["GET"]}}],"collection":[{"href":"https:\/\/www.lifeinmercy.org\/index.php\/wp-json\/wp\/v2\/product"}],"about":[{"href":"https:\/\/www.lifeinmercy.org\/index.php\/wp-json\/wp\/v2\/types\/product"}],"replies":[{"embeddable":true,"href":"https:\/\/www.lifeinmercy.org\/index.php\/wp-json\/wp\/v2\/comments?post=950"}],"wp:featuredmedia":[{"embeddable":true,"href":"https:\/\/www.lifeinmercy.org\/index.php\/wp-json\/wp\/v2\/media\/1428"}],"wp:attachment":[{"href":"https:\/\/www.lifeinmercy.org\/index.php\/wp-json\/wp\/v2\/media?parent=950"}],"wp:term":[{"taxonomy":"product_brand","embeddable":true,"href":"https:\/\/www.lifeinmercy.org\/index.php\/wp-json\/wp\/v2\/product_brand?post=950"},{"taxonomy":"product_cat","embeddable":true,"href":"https:\/\/www.lifeinmercy.org\/index.php\/wp-json\/wp\/v2\/product_cat?post=950"},{"taxonomy":"product_tag","embeddable":true,"href":"https:\/\/www.lifeinmercy.org\/index.php\/wp-json\/wp\/v2\/product_tag?post=950"}],"curies":[{"name":"wp","href":"https:\/\/api.w.org\/{rel}","templated":true}]}}